{"id":72,"date":"2024-05-18T13:06:52","date_gmt":"2024-05-18T13:06:52","guid":{"rendered":"http:\/\/www.basslabor.ch\/wordpress_i\/?page_id=72"},"modified":"2026-03-05T15:04:22","modified_gmt":"2026-03-05T15:04:22","slug":"kontakt","status":"publish","type":"page","link":"https:\/\/gtcalebasse.ch\/index.php\/kontakt\/","title":{"rendered":"Kontakt"},"content":{"rendered":"\n<div class=\"wp-block-group alignfull has-base-2-background-color has-background has-global-padding is-layout-constrained wp-container-core-group-is-layout-1 wp-block-group-is-layout-constrained\" style=\"margin-top:0;margin-bottom:0;padding-top:var(--wp--preset--spacing--50);padding-right:var(--wp--preset--spacing--50);padding-bottom:var(--wp--preset--spacing--50);padding-left:var(--wp--preset--spacing--50)\">\n<div style=\"margin-top:0;margin-bottom:0;height:var(--wp--preset--spacing--40)\" aria-hidden=\"true\" class=\"wp-block-spacer\"><\/div>\n\n\n\n<p>Wir freuen uns, GTcalebasse \u2013 einen au\u00dfergew\u00f6hnlichen Musiker, Komponisten und S\u00e4nger \u2013 f\u00fcr eine Zusammenarbeit mit Ihrer k\u00fcnstlerischen Institution zu empfehlen. Mit einer reichen und vielf\u00e4ltigen Karriere hat GTcalebasse sein Talent und seine Leidenschaft f\u00fcr die Musik eindrucksvoll unter Beweis gestellt.<\/p>\n\n\n\n<p><\/p>\n\n\n\n<div class=\"wp-block-columns alignwide is-layout-flex wp-container-core-columns-is-layout-1 wp-block-columns-is-layout-flex\">\n<div class=\"wp-block-column is-layout-flow wp-container-core-column-is-layout-1 wp-block-column-is-layout-flow\">\n<h3 class=\"wp-block-heading has-text-align-left is-style-asterisk has-body-font-family has-medium-font-size\" style=\"font-style:normal;font-weight:600\">Management<\/h3>\n\n\n\n<p class=\"has-text-align-left\">Christoph M\u00e4chler<\/p>\n\n\n\n<p>Freihofweg 20<\/p>\n\n\n\n<p>8497 Fischenthal<\/p>\n\n\n\n<p>079 279 32 14<\/p>\n\n\n\n<p>chris@basslabor.ch<\/p>\n<\/div>\n<\/div>\n\n\n\n<div style=\"height:var(--wp--preset--spacing--20)\" aria-hidden=\"true\" class=\"wp-block-spacer\"><\/div>\n<\/div>\n\n\n\n<figure class=\"wp-block-image size-large\"><img loading=\"lazy\" decoding=\"async\" width=\"1024\" height=\"768\" src=\"https:\/\/gtcalebasse.ch\/wp-content\/uploads\/2024\/05\/strand-1024x768.jpeg\" alt=\"\" class=\"wp-image-42\" srcset=\"https:\/\/gtcalebasse.ch\/wp-content\/uploads\/2024\/05\/strand-1024x768.jpeg 1024w, https:\/\/gtcalebasse.ch\/wp-content\/uploads\/2024\/05\/strand-300x225.jpeg 300w, https:\/\/gtcalebasse.ch\/wp-content\/uploads\/2024\/05\/strand-768x576.jpeg 768w, https:\/\/gtcalebasse.ch\/wp-content\/uploads\/2024\/05\/strand-1536x1152.jpeg 1536w, https:\/\/gtcalebasse.ch\/wp-content\/uploads\/2024\/05\/strand.jpeg 2048w\" sizes=\"auto, (max-width: 1024px) 100vw, 1024px\" \/><\/figure>\n","protected":false},"excerpt":{"rendered":"<p>Wir freuen uns, GTcalebasse \u2013 einen au\u00dfergew\u00f6hnlichen Musiker, Komponisten und S\u00e4nger \u2013 f\u00fcr eine Zusammenarbeit mit Ihrer k\u00fcnstlerischen Institution zu empfehlen. Mit einer reichen und vielf\u00e4ltigen Karriere hat GTcalebasse sein Talent und seine Leidenschaft f\u00fcr die Musik eindrucksvoll unter Beweis gestellt. Management Christoph M\u00e4chler Freihofweg 20 8497 Fischenthal 079 279 32 14 chris@basslabor.ch<\/p>\n","protected":false},"author":1,"featured_media":0,"parent":0,"menu_order":0,"comment_status":"closed","ping_status":"closed","template":"","meta":{"footnotes":""},"class_list":["post-72","page","type-page","status-publish","hentry"],"_links":{"self":[{"href":"https:\/\/gtcalebasse.ch\/index.php\/wp-json\/wp\/v2\/pages\/72","targetHints":{"allow":["GET"]}}],"collection":[{"href":"https:\/\/gtcalebasse.ch\/index.php\/wp-json\/wp\/v2\/pages"}],"about":[{"href":"https:\/\/gtcalebasse.ch\/index.php\/wp-json\/wp\/v2\/types\/page"}],"author":[{"embeddable":true,"href":"https:\/\/gtcalebasse.ch\/index.php\/wp-json\/wp\/v2\/users\/1"}],"replies":[{"embeddable":true,"href":"https:\/\/gtcalebasse.ch\/index.php\/wp-json\/wp\/v2\/comments?post=72"}],"version-history":[{"count":7,"href":"https:\/\/gtcalebasse.ch\/index.php\/wp-json\/wp\/v2\/pages\/72\/revisions"}],"predecessor-version":[{"id":157,"href":"https:\/\/gtcalebasse.ch\/index.php\/wp-json\/wp\/v2\/pages\/72\/revisions\/157"}],"wp:attachment":[{"href":"https:\/\/gtcalebasse.ch\/index.php\/wp-json\/wp\/v2\/media?parent=72"}],"curies":[{"name":"wp","href":"https:\/\/api.w.org\/{rel}","templated":true}]}}